{"id":12,"date":"2022-11-04T19:23:22","date_gmt":"2022-11-04T19:23:22","guid":{"rendered":"https:\/\/nataliabargues.com\/?page_id=12"},"modified":"2024-08-07T13:17:58","modified_gmt":"2024-08-07T13:17:58","slug":"blog","status":"publish","type":"page","link":"https:\/\/nataliabargues.com\/en\/blog\/","title":{"rendered":"BLOG"},"content":{"rendered":"[et_pb_section fb_built=\u00bb1&#8243; admin_label=\u00bbHeader\u00bb _builder_version=\u00bb4.18.1&#8243; _module_preset=\u00bbdefault\u00bb custom_padding=\u00bb||0px||false|false\u00bb collapsed=\u00bbon\u00bb global_colors_info=\u00bb{}\u00bb][et_pb_row _builder_version=\u00bb4.18.1&#8243; _module_preset=\u00bbdefault\u00bb global_colors_info=\u00bb{}\u00bb][et_pb_column type=\u00bb4_4&#8243; _builder_version=\u00bb4.18.1&#8243; _module_preset=\u00bbdefault\u00bb global_colors_info=\u00bb{}\u00bb][et_pb_text _builder_version=\u00bb4.18.1&#8243; _module_preset=\u00bbba27f85d-0c79-4e19-8d99-f5fa33b2be37&#8243; global_colors_info=\u00bb{}\u00bb]<h1>Blog<\/h1>[\/et_pb_text][et_pb_post_slider posts_number=\u00bb3&#8243; include_categories=\u00bb7,10,9,8,16&#8243; _builder_version=\u00bb4.21.0&#8243; _module_preset=\u00bbb58c997e-7620-4aba-9d15-9537f9828b17&#8243; hover_enabled=\u00bb0&#8243; locked=\u00bboff\u00bb global_colors_info=\u00bb{}\u00bb sticky_enabled=\u00bb0&#8243;][\/et_pb_post_slider][\/et_pb_column][\/et_pb_row][et_pb_row _builder_version=\u00bb4.18.1&#8243; _module_preset=\u00bbdefault\u00bb global_colors_info=\u00bb{}\u00bb][et_pb_column type=\u00bb4_4&#8243; _builder_version=\u00bb4.18.1&#8243; _module_preset=\u00bbdefault\u00bb global_colors_info=\u00bb{}\u00bb][et_pb_blog fullwidth=\u00bboff\u00bb posts_number=\u00bb9&#8243; include_categories=\u00bb7,10,9,8,16&#8243; excerpt_length=\u00bb150&#8243; show_author=\u00bboff\u00bb _builder_version=\u00bb4.21.0&#8243; _module_preset=\u00bbdefault\u00bb header_font=\u00bbPoppins|600|||||||\u00bb header_text_color=\u00bb#202225&#8243; header_font_size=\u00bb16px\u00bb header_letter_spacing=\u00bb-0.01em\u00bb header_line_height=\u00bb1.4em\u00bb body_font=\u00bbPoppins|500|||||||\u00bb body_font_size=\u00bb16px\u00bb body_letter_spacing=\u00bb-0.01em\u00bb body_line_height=\u00bb1.8em\u00bb meta_font=\u00bbPoppins|500|||||||\u00bb meta_font_size=\u00bb14px\u00bb meta_letter_spacing=\u00bb-0.01em\u00bb meta_line_height=\u00bb1.6em\u00bb read_more_font=\u00bbPoppins|500|||||||\u00bb read_more_text_color=\u00bb#000000&#8243; read_more_font_size=\u00bb20px\u00bb read_more_letter_spacing=\u00bb-0.01em\u00bb read_more_line_height=\u00bb1.4em\u00bb pagination_font=\u00bbPoppins|500|||||||\u00bb pagination_text_color=\u00bb#000000&#8243; pagination_font_size=\u00bb20px\u00bb pagination_letter_spacing=\u00bb-0.01em\u00bb pagination_line_height=\u00bb1.4em\u00bb hover_enabled=\u00bb0&#8243; header_font_size_tablet=\u00bb15px\u00bb header_font_size_phone=\u00bb14px\u00bb header_font_size_last_edited=\u00bbon|desktop\u00bb body_font_size_tablet=\u00bb15px\u00bb body_font_size_phone=\u00bb14px\u00bb body_font_size_last_edited=\u00bbon|phone\u00bb read_more_font_size_tablet=\u00bb15px\u00bb read_more_font_size_phone=\u00bb14px\u00bb read_more_font_size_last_edited=\u00bbon|phone\u00bb pagination_font_size_tablet=\u00bb15px\u00bb pagination_font_size_phone=\u00bb14px\u00bb pagination_font_size_last_edited=\u00bbon|desktop\u00bb border_width_all=\u00bb0px\u00bb border_radii_image=\u00bbon|10px|10px|10px|10px\u00bb locked=\u00bboff\u00bb global_colors_info=\u00bb{}\u00bb sticky_enabled=\u00bb0&#8243;][\/et_pb_blog][\/et_pb_column][\/et_pb_row][\/et_pb_section]","protected":false},"excerpt":{"rendered":"<p>Blog<\/p>","protected":false},"author":1,"featured_media":0,"parent":0,"menu_order":0,"comment_status":"closed","ping_status":"closed","template":"","meta":{"_acf_changed":false,"_et_pb_use_builder":"on","_et_pb_old_content":"<!-- wp:contact-form-7\/contact-form-selector {\"id\":9,\"title\":\"Formulario de contacto 1\"} -->\n<div class=\"wp-block-contact-form-7-contact-form-selector\">[contact-form-7 id=\"9\" title=\"Formulario de contacto 1\"]<\/div>\n<!-- \/wp:contact-form-7\/contact-form-selector -->","_et_gb_content_width":"","om_disable_all_campaigns":false,"_monsterinsights_skip_tracking":false,"_monsterinsights_sitenote_active":false,"_monsterinsights_sitenote_note":"","_monsterinsights_sitenote_category":0,"_uf_show_specific_survey":0,"_uf_disable_surveys":false,"footnotes":""},"class_list":["post-12","page","type-page","status-publish","hentry"],"acf":[],"yoast_head":"<!-- This site is optimized with the Yoast SEO plugin v26.2 - https:\/\/yoast.com\/wordpress\/plugins\/seo\/ -->\n<title>BLOG | Nat\u00e0lia Bargu\u00e9s<\/title>\n<meta name=\"robots\" content=\"noindex, follow\" \/>\n<meta property=\"og:locale\" content=\"en_GB\" \/>\n<meta property=\"og:type\" content=\"article\" \/>\n<meta property=\"og:title\" content=\"BLOG | Nat\u00e0lia Bargu\u00e9s\" \/>\n<meta property=\"og:description\" content=\"Blog\" \/>\n<meta property=\"og:url\" content=\"https:\/\/nataliabargues.com\/en\/blog\/\" \/>\n<meta property=\"og:site_name\" content=\"Nat\u00e0lia Bargu\u00e9s\" \/>\n<meta property=\"article:modified_time\" content=\"2024-08-07T13:17:58+00:00\" \/>\n<meta name=\"twitter:card\" content=\"summary_large_image\" \/>\n<meta name=\"twitter:label1\" content=\"Estimated reading time\" \/>\n\t<meta name=\"twitter:data1\" content=\"3 minutes\" \/>\n<script type=\"application\/ld+json\" class=\"yoast-schema-graph\">{\"@context\":\"https:\/\/schema.org\",\"@graph\":[{\"@type\":\"WebPage\",\"@id\":\"https:\/\/nataliabargues.com\/blog\/\",\"url\":\"https:\/\/nataliabargues.com\/blog\/\",\"name\":\"BLOG | Nat\u00e0lia Bargu\u00e9s\",\"isPartOf\":{\"@id\":\"https:\/\/nataliabargues.com\/#website\"},\"datePublished\":\"2022-11-04T19:23:22+00:00\",\"dateModified\":\"2024-08-07T13:17:58+00:00\",\"breadcrumb\":{\"@id\":\"https:\/\/nataliabargues.com\/blog\/#breadcrumb\"},\"inLanguage\":\"en-GB\",\"potentialAction\":[{\"@type\":\"ReadAction\",\"target\":[\"https:\/\/nataliabargues.com\/blog\/\"]}]},{\"@type\":\"BreadcrumbList\",\"@id\":\"https:\/\/nataliabargues.com\/blog\/#breadcrumb\",\"itemListElement\":[{\"@type\":\"ListItem\",\"position\":1,\"name\":\"Portada\",\"item\":\"https:\/\/nataliabargues.com\/\"},{\"@type\":\"ListItem\",\"position\":2,\"name\":\"BLOG\"}]},{\"@type\":\"WebSite\",\"@id\":\"https:\/\/nataliabargues.com\/#website\",\"url\":\"https:\/\/nataliabargues.com\/\",\"name\":\"Nat\u00e0lia Bargu\u00e9s\",\"description\":\"El refugio de los escritores\",\"publisher\":{\"@id\":\"https:\/\/nataliabargues.com\/#organization\"},\"potentialAction\":[{\"@type\":\"SearchAction\",\"target\":{\"@type\":\"EntryPoint\",\"urlTemplate\":\"https:\/\/nataliabargues.com\/?s={search_term_string}\"},\"query-input\":{\"@type\":\"PropertyValueSpecification\",\"valueRequired\":true,\"valueName\":\"search_term_string\"}}],\"inLanguage\":\"en-GB\"},{\"@type\":\"Organization\",\"@id\":\"https:\/\/nataliabargues.com\/#organization\",\"name\":\"Nat\u00e0lia Bargu\u00e9s\",\"url\":\"https:\/\/nataliabargues.com\/\",\"logo\":{\"@type\":\"ImageObject\",\"inLanguage\":\"en-GB\",\"@id\":\"https:\/\/nataliabargues.com\/#\/schema\/logo\/image\/\",\"url\":\"https:\/\/nataliabargues.com\/wp-content\/uploads\/2023\/05\/logo-nata-final.png\",\"contentUrl\":\"https:\/\/nataliabargues.com\/wp-content\/uploads\/2023\/05\/logo-nata-final.png\",\"width\":318,\"height\":131,\"caption\":\"Nat\u00e0lia Bargu\u00e9s\"},\"image\":{\"@id\":\"https:\/\/nataliabargues.com\/#\/schema\/logo\/image\/\"}}]}<\/script>\n<!-- \/ Yoast SEO plugin. -->","yoast_head_json":{"title":"BLOG | Nat\u00e0lia Bargu\u00e9s","robots":{"index":"noindex","follow":"follow"},"og_locale":"en_GB","og_type":"article","og_title":"BLOG | Nat\u00e0lia Bargu\u00e9s","og_description":"Blog","og_url":"https:\/\/nataliabargues.com\/en\/blog\/","og_site_name":"Nat\u00e0lia Bargu\u00e9s","article_modified_time":"2024-08-07T13:17:58+00:00","twitter_card":"summary_large_image","twitter_misc":{"Estimated reading time":"3 minutes"},"schema":{"@context":"https:\/\/schema.org","@graph":[{"@type":"WebPage","@id":"https:\/\/nataliabargues.com\/blog\/","url":"https:\/\/nataliabargues.com\/blog\/","name":"BLOG | Nat\u00e0lia Bargu\u00e9s","isPartOf":{"@id":"https:\/\/nataliabargues.com\/#website"},"datePublished":"2022-11-04T19:23:22+00:00","dateModified":"2024-08-07T13:17:58+00:00","breadcrumb":{"@id":"https:\/\/nataliabargues.com\/blog\/#breadcrumb"},"inLanguage":"en-GB","potentialAction":[{"@type":"ReadAction","target":["https:\/\/nataliabargues.com\/blog\/"]}]},{"@type":"BreadcrumbList","@id":"https:\/\/nataliabargues.com\/blog\/#breadcrumb","itemListElement":[{"@type":"ListItem","position":1,"name":"Portada","item":"https:\/\/nataliabargues.com\/"},{"@type":"ListItem","position":2,"name":"BLOG"}]},{"@type":"WebSite","@id":"https:\/\/nataliabargues.com\/#website","url":"https:\/\/nataliabargues.com\/","name":"Nat\u00e0lia Bargu\u00e9s","description":"El refugio de los escritores","publisher":{"@id":"https:\/\/nataliabargues.com\/#organization"},"potentialAction":[{"@type":"SearchAction","target":{"@type":"EntryPoint","urlTemplate":"https:\/\/nataliabargues.com\/?s={search_term_string}"},"query-input":{"@type":"PropertyValueSpecification","valueRequired":true,"valueName":"search_term_string"}}],"inLanguage":"en-GB"},{"@type":"Organization","@id":"https:\/\/nataliabargues.com\/#organization","name":"Nat\u00e0lia Bargu\u00e9s","url":"https:\/\/nataliabargues.com\/","logo":{"@type":"ImageObject","inLanguage":"en-GB","@id":"https:\/\/nataliabargues.com\/#\/schema\/logo\/image\/","url":"https:\/\/nataliabargues.com\/wp-content\/uploads\/2023\/05\/logo-nata-final.png","contentUrl":"https:\/\/nataliabargues.com\/wp-content\/uploads\/2023\/05\/logo-nata-final.png","width":318,"height":131,"caption":"Nat\u00e0lia Bargu\u00e9s"},"image":{"@id":"https:\/\/nataliabargues.com\/#\/schema\/logo\/image\/"}}]}},"_links":{"self":[{"href":"https:\/\/nataliabargues.com\/en\/wp-json\/wp\/v2\/pages\/12","targetHints":{"allow":["GET"]}}],"collection":[{"href":"https:\/\/nataliabargues.com\/en\/wp-json\/wp\/v2\/pages"}],"about":[{"href":"https:\/\/nataliabargues.com\/en\/wp-json\/wp\/v2\/types\/page"}],"author":[{"embeddable":true,"href":"https:\/\/nataliabargues.com\/en\/wp-json\/wp\/v2\/users\/1"}],"replies":[{"embeddable":true,"href":"https:\/\/nataliabargues.com\/en\/wp-json\/wp\/v2\/comments?post=12"}],"version-history":[{"count":15,"href":"https:\/\/nataliabargues.com\/en\/wp-json\/wp\/v2\/pages\/12\/revisions"}],"predecessor-version":[{"id":6205,"href":"https:\/\/nataliabargues.com\/en\/wp-json\/wp\/v2\/pages\/12\/revisions\/6205"}],"wp:attachment":[{"href":"https:\/\/nataliabargues.com\/en\/wp-json\/wp\/v2\/media?parent=12"}],"curies":[{"name":"wp","href":"https:\/\/api.w.org\/{rel}","templated":true}]}}