{"id":5499,"date":"2023-05-17T13:06:36","date_gmt":"2023-05-17T13:06:36","guid":{"rendered":"https:\/\/nataliabargues.com\/?page_id=5499"},"modified":"2024-08-08T12:53:41","modified_gmt":"2024-08-08T12:53:41","slug":"sobre-mi","status":"publish","type":"page","link":"https:\/\/nataliabargues.com\/en\/sobre-mi\/","title":{"rendered":"ABOUT ME"},"content":{"rendered":"<p>[et_pb_section fb_built=\u00bb1&#8243; custom_padding_last_edited=\u00bbon|phone\u00bb admin_label=\u00bbHeader\u00bb _builder_version=\u00bb4.25.0&#8243; background_size=\u00bbinitial\u00bb background_position=\u00bbtop_center\u00bb custom_margin=\u00bb||\u00bb custom_padding=\u00bb79px|||||\u00bb custom_padding_tablet=\u00bb\u00bb custom_padding_phone=\u00bb30px|||\u00bb hover_enabled=\u00bb0&#8243; locked=\u00bboff\u00bb global_colors_info=\u00bb{}\u00bb bottom_divider_style=\u00bbasymmetric4&#8243; sticky_enabled=\u00bb0&#8243; next_background_color=\u00bb#0A0000&#8243;][et_pb_row _builder_version=\u00bb4.16&#8243; background_size=\u00bbinitial\u00bb background_position=\u00bbtop_right\u00bb custom_margin=\u00bb||60px\u00bb custom_padding=\u00bb0px|40px||40px||\u00bb border_width_all=\u00bb1px\u00bb border_color_all=\u00bbrgba(0,0,0,0.12)\u00bb locked=\u00bboff\u00bb global_colors_info=\u00bb{}\u00bb][et_pb_column type=\u00bb4_4&#8243; _builder_version=\u00bb4.16&#8243; custom_padding=\u00bb|||\u00bb global_colors_info=\u00bb{}\u00bb custom_padding__hover=\u00bb|||\u00bb][et_pb_image src=\u00bbhttps:\/\/nataliabargues.com\/wp-content\/uploads\/2023\/05\/calligraphy_61.png\u00bb align=\u00bbright\u00bb _builder_version=\u00bb4.16&#8243; max_width=\u00bb200px\u00bb max_width_tablet=\u00bb\u00bb max_width_phone=\u00bb120px\u00bb max_width_last_edited=\u00bbon|phone\u00bb custom_margin=\u00bb-130px|-8vw||\u00bb custom_margin_tablet=\u00bb||-100px\u00bb custom_margin_phone=\u00bb-110px|-8vw|-20px|\u00bb custom_margin_last_edited=\u00bbon|phone\u00bb always_center_on_mobile=\u00bboff\u00bb locked=\u00bboff\u00bb global_colors_info=\u00bb{}\u00bb][\/et_pb_image][et_pb_text _builder_version=\u00bb4.21.0&#8243; header_font=\u00bb||||||||\u00bb header_2_font=\u00bbMuli|800||on|||||\u00bb header_2_font_size=\u00bb12px\u00bb header_2_letter_spacing=\u00bb0.7em\u00bb transform_scale_tablet=\u00bb\u00bb transform_scale_phone=\u00bb\u00bb transform_scale_last_edited=\u00bbon|tablet\u00bb transform_translate=\u00bb-100px|0px\u00bb transform_translate_tablet=\u00bb0px|0px\u00bb transform_translate_phone=\u00bb\u00bb transform_translate_last_edited=\u00bbon|tablet\u00bb transform_translate_linked=\u00bboff\u00bb transform_rotate=\u00bb0deg|0deg|270deg\u00bb transform_rotate_tablet=\u00bb0deg|0deg|0deg\u00bb transform_rotate_phone=\u00bb\u00bb transform_rotate_last_edited=\u00bbon|desktop\u00bb transform_skew_tablet=\u00bb\u00bb transform_skew_phone=\u00bb\u00bb transform_skew_last_edited=\u00bbon|desktop\u00bb transform_origin=\u00bb0%|50%\u00bb transform_origin_tablet=\u00bb\u00bb transform_origin_phone=\u00bb\u00bb transform_origin_last_edited=\u00bbon|desktop\u00bb transform_styles_last_edited=\u00bbon|tablet\u00bb max_width=\u00bb150px\u00bb custom_margin=\u00bb||-60px\u00bb custom_margin_tablet=\u00bb||20px\u00bb custom_margin_phone=\u00bb\u00bb custom_margin_last_edited=\u00bbon|tablet\u00bb transform_styles_tablet=\u00bb\u00bb transform_styles_phone=\u00bb\u00bb locked=\u00bboff\u00bb global_colors_info=\u00bb{}\u00bb]<\/p>\n<h2>ABOUT ME<\/h2>\n<p>[\/et_pb_text][et_pb_text _builder_version=\u00bb4.16&#8243; text_font=\u00bbMuli||||||||\u00bb text_font_size=\u00bb17px\u00bb text_line_height=\u00bb2em\u00bb header_font=\u00bb||||||||\u00bb header_3_font=\u00bbMontserrat|600|||||||\u00bb header_3_font_size=\u00bb70px\u00bb header_3_line_height=\u00bb1.2em\u00bb background_color=\u00bb#ffffff\u00bb background_color_gradient_direction=\u00bb90deg\u00bb max_width=\u00bb700px\u00bb custom_margin=\u00bb||0px|-70px||\u00bb custom_margin_tablet=\u00bb0px||20px\u00bb custom_margin_phone=\u00bb|||-56px\u00bb custom_margin_last_edited=\u00bbon|phone\u00bb text_font_size_tablet=\u00bb\u00bb text_font_size_phone=\u00bb15px\u00bb text_font_size_last_edited=\u00bbon|desktop\u00bb text_line_height_tablet=\u00bb\u00bb text_line_height_phone=\u00bb1.7em\u00bb text_line_height_last_edited=\u00bbon|phone\u00bb header_3_font_size_tablet=\u00bb50px\u00bb header_3_font_size_phone=\u00bb30px\u00bb header_3_font_size_last_edited=\u00bbon|phone\u00bb global_colors_info=\u00bb{}\u00bb]<\/p>\n<h3>\u00a1Hola! Soy Nat\u00e0lia<\/h3>\n<p>Fantasy Writer<\/p>\n<p>&nbsp;<\/p>\n<p>[\/et_pb_text][et_pb_social_media_follow _builder_version=\u00bb4.21.0&#8243; text_orientation=\u00bbright\u00bb custom_margin=\u00bb||-60px\u00bb border_radii=\u00bbon|0px|0px|0px|0px\u00bb locked=\u00bboff\u00bb global_colors_info=\u00bb{}\u00bb][et_pb_social_media_follow_network social_network=\u00bbyoutube\u00bb url=\u00bbhttps:\/\/www.youtube.com\/@nataliabargues\u00bb _builder_version=\u00bb4.21.0&#8243; background_color=\u00bb#000000&#8243; background_enable_color=\u00bbon\u00bb custom_padding=\u00bb6px|6px|6px|6px|true|true\u00bb global_colors_info=\u00bb{}\u00bb follow_button=\u00bboff\u00bb url_new_window=\u00bbon\u00bb]youtube[\/et_pb_social_media_follow_network][et_pb_social_media_follow_network social_network=\u00bbinstagram\u00bb url=\u00bbhttps:\/\/www.instagram.com\/nataliabargues\/\u00bb _builder_version=\u00bb4.21.0&#8243; background_color=\u00bb#000000&#8243; custom_padding=\u00bb6px|6px|6px|6px|true|true\u00bb global_colors_info=\u00bb{}\u00bb follow_button=\u00bboff\u00bb url_new_window=\u00bbon\u00bb]instagram[\/et_pb_social_media_follow_network][\/et_pb_social_media_follow][\/et_pb_column][\/et_pb_row][et_pb_row column_structure=\u00bb1_2,1_2&#8243; _builder_version=\u00bb4.16&#8243; locked=\u00bboff\u00bb global_colors_info=\u00bb{}\u00bb][et_pb_column type=\u00bb1_2&#8243; _builder_version=\u00bb4.16&#8243; custom_padding=\u00bb|||\u00bb global_colors_info=\u00bb{}\u00bb custom_padding__hover=\u00bb|||\u00bb][et_pb_image src=\u00bbhttps:\/\/nataliabargues.com\/wp-content\/uploads\/2023\/05\/calligraphy_74.png\u00bb title_text=\u00bbIMG-2633&#8243; align_tablet=\u00bbcenter\u00bb align_phone=\u00bbcenter\u00bb align_last_edited=\u00bbon|desktop\u00bb _builder_version=\u00bb4.21.0&#8243; background_image=\u00bbhttps:\/\/nataliabargues.com\/wp-content\/uploads\/2023\/05\/IMG-2633-1-e1684328358256.jpg\u00bb global_colors_info=\u00bb{}\u00bb][\/et_pb_image][\/et_pb_column][et_pb_column type=\u00bb1_2&#8243; _builder_version=\u00bb4.16&#8243; custom_padding=\u00bb|||\u00bb global_colors_info=\u00bb{}\u00bb custom_padding__hover=\u00bb|||\u00bb][et_pb_text _builder_version=\u00bb4.25.0&#8243; text_font=\u00bb||||||||\u00bb text_font_size=\u00bb17px\u00bb text_line_height=\u00bb2em\u00bb header_font=\u00bb||||||||\u00bb header_text_align=\u00bbleft\u00bb text_orientation=\u00bbjustified\u00bb width_tablet=\u00bb100%\u00bb width_last_edited=\u00bboff|desktop\u00bb module_alignment=\u00bbleft\u00bb text_font_size_tablet=\u00bb\u00bb text_font_size_phone=\u00bb15px\u00bb text_font_size_last_edited=\u00bbon|desktop\u00bb text_line_height_tablet=\u00bb\u00bb text_line_height_phone=\u00bb1.7em\u00bb text_line_height_last_edited=\u00bbon|phone\u00bb global_colors_info=\u00bb{}\u00bb]<\/p>\n<p><strong>Hello! I am Nat\u00e0lia<\/strong><\/p>\n<p>Escribo fantas\u00eda, sobretodo oscura. Yo de verdad que lo intento, pero siempre acaba teniendo ese toque dark que tanto me atrae. Me gusta que mis personajes consigan encontrar la luz en medio de las sombras.<\/p>\n<p>Me identifico como Ca\u00f3tica Buena, \u00a1as\u00ed que siempre estoy buscando hacer el bien en el mundo, aunque sea de una manera un poco diferente!<\/p>\n<p>I've always been a big fan of Brandon Sanderson and aspire to be like him one day. My favorite book is <em>Coraline<\/em> and my favorite movie is <em>Howl's Moving Castle.<\/em>.<\/p>\n<p>My favorite video games include <em>Witcher<\/em>, <em>Ni No Kuni<\/em>, <em>Horizon Zero Dawn<\/em>, <em>Final Fantasy VII<\/em>, <em>Fire Emblem<\/em>, <em>Lies of P<\/em> and <em>Tomb Raider<\/em>. These games not only give me life, but also inspire my stories.<\/p>\n<p>Oh! And some fun facts about me:<\/p>\n<ul>\n<li>I love tea, especially matcha and English tea. And I only drink that and water.<\/li>\n<li>I live between Spain and England.<\/li>\n<li>Although I'm left-handed, I manage well with both hands.<\/li>\n<li>I like eating frozen bread.<\/li>\n<li>I always, always, always arrive late. It's a gift I have.<\/li>\n<\/ul>\n<p>Two mantras I always repeat to myself are:<\/p>\n<ul>\n<li>\"Life is too short not to take risks.\"<\/li>\n<li>\"That's a problem for future Nat\u00e0lia.\"<\/li>\n<\/ul>\n<p>If you're a fan of dark fantasy writing and video games, this is the place for you. Follow me on any of my social media to stay up to date with everything I do!<\/p>\n<p>[\/et_pb_text][\/et_pb_column][\/et_pb_row][\/et_pb_section][et_pb_section fb_built=\u00bb1&#8243; disabled_on=\u00bbon|on|off\u00bb _builder_version=\u00bb4.25.0&#8243; _module_preset=\u00bbdefault\u00bb background_color=\u00bb#0A0000&#8243; max_width=\u00bb100%\u00bb custom_padding=\u00bb22px||11px|||\u00bb global_colors_info=\u00bb{}\u00bb theme_builder_area=\u00bbpost_content\u00bb][et_pb_row column_structure=\u00bb1_2,1_2&#8243; _builder_version=\u00bb4.25.0&#8243; _module_preset=\u00bbdefault\u00bb background_color=\u00bb#F5F5F5&#8243; max_width=\u00bb100%\u00bb custom_margin=\u00bb23px|auto|33px|auto||\u00bb border_radii=\u00bbon|18px|18px|18px|18px\u00bb global_colors_info=\u00bb{}\u00bb theme_builder_area=\u00bbpost_content\u00bb][et_pb_column type=\u00bb1_2&#8243; _builder_version=\u00bb4.25.0&#8243; _module_preset=\u00bbdefault\u00bb global_colors_info=\u00bb{}\u00bb theme_builder_area=\u00bbpost_content\u00bb][et_pb_text content_tablet=\u00bb<\/p>\n<h1 style=\"%22text-align:\" center;%22><strong><\/strong><\/h1>\n<h1 style=\"%22text-align:\" center;%22><strong style=\"%22color:\" #ffffff; font-size: 30px;%22>\u00a1Suscr\u00edbete a la lista de correo!<\/strong><strong><\/strong><\/h1>\n<h4 style=\"%22text-align:\" center;%22><span style=\"%22color:\" #ffffff;%22>Recibe actualizaciones exclusivas sobre Porcelana de Hueso y Mis Otros Proyectos.<\/span><\/h4>\n<p>\u00bb content_phone=\u00bb<\/p>\n<h1 style=\"%22text-align:\" center;%22><strong><\/strong><\/h1>\n<h1 style=\"%22text-align:\" center;%22><strong style=\"%22color:\" #ffffff; font-size: 30px;%22>\u00a1Suscr\u00edbete a la lista de correo!<\/strong><strong><\/strong><\/h1>\n<h4 style=\"%22text-align:\" center;%22><span style=\"%22color:\" #ffffff;%22>Recibe actualizaciones exclusivas sobre Porcelana de Hueso y Mis Otros Proyectos.<\/span><\/h4>\n<p>\u00bb content_last_edited=\u00bbon|phone\u00bb _builder_version=\u00bb4.25.0&#8243; _dynamic_attributes=\u00bblink_option_url\u00bb _module_preset=\u00bbdefault\u00bb background_color=\u00bb#2E2E2E\u00bb min_height=\u00bb131px\u00bb height=\u00bb121px\u00bb custom_margin=\u00bb|-13px|1px|33px|false|false\u00bb custom_margin_tablet=\u00bb|-13px|1px|33px|false|false\u00bb custom_margin_phone=\u00bb||1px|15px|false|false\u00bb custom_margin_last_edited=\u00bbon|phone\u00bb custom_padding=\u00bb11px|13px|0px|11px|false|false\u00bb link_option_url=\u00bb@ET-DC@eyJkeW5hbWljIjp0cnVlLCJjb250ZW50IjoicG9zdF9saW5rX3VybF9wYWdlIiwic2V0dGluZ3MiOnsicG9zdF9pZCI6IjYyMjgifX0=@\u00bb border_radii=\u00bbon|6px|6px|6px|6px\u00bb global_colors_info=\u00bb{}\u00bb theme_builder_area=\u00bbpost_content\u00bb]<\/p>\n<h1 style=\"text-align: center;\"><strong><\/strong><\/h1>\n<h1 style=\"text-align: center;\"><strong style=\"color: #ffffff; font-size: 30px;\">\u00a1Suscr\u00edbete a la lista de correo!<\/strong><strong><\/strong><\/h1>\n<h4 style=\"text-align: center;\"><span style=\"color: #ffffff;\">Recibe actualizaciones exclusivas sobre Porcelana de Hueso y Mis Otros Proyectos.<\/span><\/h4>\n<p>[\/et_pb_text][\/et_pb_column][et_pb_column type=\u00bb1_2&#8243; _builder_version=\u00bb4.25.0&#8243; _module_preset=\u00bbdefault\u00bb global_colors_info=\u00bb{}\u00bb theme_builder_area=\u00bbpost_content\u00bb][et_pb_text _builder_version=\u00bb4.25.0&#8243; _dynamic_attributes=\u00bblink_option_url\u00bb _module_preset=\u00bbdefault\u00bb background_color=\u00bb#2E2E2E\u00bb min_height=\u00bb130px\u00bb custom_margin=\u00bb0px|33px||-13px|false|false\u00bb custom_padding=\u00bb0px||24px|0px|false|false\u00bb link_option_url=\u00bb@ET-DC@eyJkeW5hbWljIjp0cnVlLCJjb250ZW50IjoicG9zdF9saW5rX3VybF9wYWdlIiwic2V0dGluZ3MiOnsicG9zdF9pZCI6IjcwIn19@\u00bb border_radii=\u00bbon|6px|6px|6px|6px\u00bb inline_fonts=\u00bbAnonymous Pro\u00bb global_colors_info=\u00bb{}\u00bb theme_builder_area=\u00bbpost_content\u00bb]<\/p>\n<h1 style=\"text-align: center;\"><strong><\/strong><\/h1>\n<h1 style=\"text-align: center;\"><span style=\"color: #ffffff;\"><strong><\/strong><\/span><\/h1>\n<h1 style=\"text-align: center;\"><span style=\"color: #ffffff; font-family: inherit; font-weight: normal;\"><strong>Contacta conmigo<\/strong><\/span><\/h1>\n<h4 style=\"text-align: center;\"><span style=\"color: #ffffff; font-family: inherit; font-weight: normal;\">Para cualquier duda o consulta sobre mis proyectos editoriales, cont\u00e1ctame directamente.<\/span><\/h4>\n<p>[\/et_pb_text][\/et_pb_column][\/et_pb_row][\/et_pb_section][et_pb_section fb_built=\u00bb1&#8243; disabled_on=\u00bboff|off|on\u00bb _builder_version=\u00bb4.25.0&#8243; _module_preset=\u00bbdefault\u00bb background_color=\u00bb#0A0000&#8243; custom_padding=\u00bb22px||11px|||\u00bb global_colors_info=\u00bb{}\u00bb theme_builder_area=\u00bbpost_content\u00bb][et_pb_row column_structure=\u00bb1_2,1_2&#8243; _builder_version=\u00bb4.25.0&#8243; _module_preset=\u00bbdefault\u00bb background_color=\u00bb#F5F5F5&#8243; custom_margin=\u00bb23px|auto|33px|auto||\u00bb custom_padding=\u00bb||25px|||\u00bb border_radii=\u00bbon|18px|18px|18px|18px\u00bb global_colors_info=\u00bb{}\u00bb theme_builder_area=\u00bbpost_content\u00bb][et_pb_column type=\u00bb1_2&#8243; _builder_version=\u00bb4.25.0&#8243; _module_preset=\u00bbdefault\u00bb global_colors_info=\u00bb{}\u00bb theme_builder_area=\u00bbpost_content\u00bb][et_pb_text content_tablet=\u00bb<\/p>\n<h1 style=\"%22text-align:\" center;%22><strong><\/strong><\/h1>\n<h1 style=\"%22text-align:\" center;%22><span style=\"%22font-size:\" small;%22><strong style=\"%22color:\" #ffffff;%22>\u00a1Suscr\u00edbete a la lista de correo!<\/strong><strong><\/strong><\/span><\/h1>\n<h4 style=\"%22text-align:\" center;%22><span style=\"%22color:\" #ffffff; font-size: small;%22>Recibe actualizaciones exclusivas sobre Porcelana de Hueso y Mis Otros Proyectos.<\/span><\/h4>\n<p>\u00bb content_phone=\u00bb<\/p>\n<h1 style=\"%22text-align:\" center;%22><strong><\/strong><\/h1>\n<h1 style=\"%22text-align:\" center;%22><span style=\"%22font-size:\" small;%22><strong style=\"%22color:\" #ffffff;%22>\u00a1Suscr\u00edbete a la lista de correo!<\/strong><strong><\/strong><\/span><\/h1>\n<h4 style=\"%22text-align:\" center;%22><span style=\"%22color:\" #ffffff; font-size: small;%22>Recibe actualizaciones exclusivas sobre Porcelana de Hueso y Mis Otros Proyectos.<\/span><\/h4>\n<p>\u00bb content_last_edited=\u00bbon|phone\u00bb _builder_version=\u00bb4.25.0&#8243; _dynamic_attributes=\u00bblink_option_url\u00bb _module_preset=\u00bbdefault\u00bb background_color=\u00bb#2E2E2E\u00bb min_height=\u00bb131px\u00bb height=\u00bb121px\u00bb custom_margin=\u00bb|-13px|1px|33px|false|false\u00bb custom_margin_tablet=\u00bb|-13px|1px|33px|false|false\u00bb custom_margin_phone=\u00bb-8px|22px|-1px|20px|false|false\u00bb custom_margin_last_edited=\u00bbon|phone\u00bb custom_padding=\u00bb0px|0px|0px|0px|false|false\u00bb link_option_url=\u00bb@ET-DC@eyJkeW5hbWljIjp0cnVlLCJjb250ZW50IjoicG9zdF9saW5rX3VybF9wYWdlIiwic2V0dGluZ3MiOnsicG9zdF9pZCI6IjYyMjgifX0=@\u00bb border_radii=\u00bbon|6px|6px|6px|6px\u00bb global_colors_info=\u00bb{}\u00bb theme_builder_area=\u00bbpost_content\u00bb]<\/p>\n<h1 style=\"text-align: center;\"><strong><\/strong><\/h1>\n<h1 style=\"text-align: center;\"><span style=\"font-size: small;\"><strong style=\"color: #ffffff;\">\u00a1Suscr\u00edbete a la lista de correo!<\/strong><strong><\/strong><\/span><\/h1>\n<h4 style=\"text-align: center;\"><span style=\"color: #ffffff; font-size: small;\">Recibe actualizaciones exclusivas sobre Porcelana de Hueso y Mis Otros Proyectos.<\/span><\/h4>\n<p>[\/et_pb_text][\/et_pb_column][et_pb_column type=\u00bb1_2&#8243; _builder_version=\u00bb4.25.0&#8243; _module_preset=\u00bbdefault\u00bb global_colors_info=\u00bb{}\u00bb theme_builder_area=\u00bbpost_content\u00bb][et_pb_text _builder_version=\u00bb4.25.0&#8243; _dynamic_attributes=\u00bblink_option_url\u00bb _module_preset=\u00bbdefault\u00bb background_color=\u00bb#2E2E2E\u00bb min_height=\u00bb130px\u00bb custom_margin=\u00bb0px|22px||22px|false|false\u00bb custom_padding=\u00bb0px||10px|0px|false|false\u00bb link_option_url=\u00bb@ET-DC@eyJkeW5hbWljIjp0cnVlLCJjb250ZW50IjoicG9zdF9saW5rX3VybF9wYWdlIiwic2V0dGluZ3MiOnsicG9zdF9pZCI6IjcwIn19@\u00bb border_radii=\u00bbon|6px|6px|6px|6px\u00bb inline_fonts=\u00bbAnonymous Pro\u00bb global_colors_info=\u00bb{}\u00bb theme_builder_area=\u00bbpost_content\u00bb]<\/p>\n<h1 style=\"text-align: center;\"><strong><\/strong><\/h1>\n<h1 style=\"text-align: center;\"><strong style=\"color: #ffffff; font-family: inherit; font-size: small;\">Contacta conmigo<\/strong><\/h1>\n<h4 style=\"text-align: center;\"><span style=\"color: #ffffff; font-family: inherit; font-weight: normal; font-size: small;\">Para cualquier duda o consulta sobre mis proyectos editoriales, cont\u00e1ctame directamente.<\/span><\/h4>\n<p>[\/et_pb_text][\/et_pb_column][\/et_pb_row][\/et_pb_section]<\/p>","protected":false},"excerpt":{"rendered":"<p>SOBRE M\u00cd\u00a1Hola! Soy Nat\u00e0lia Escritora de fantas\u00eda &nbsp;\u00a1Hola, soy Nat\u00e0lia! Escribo fantas\u00eda, sobretodo oscura. Yo de verdad que lo intento, pero siempre acaba teniendo ese toque dark que tanto me atrae. Me gusta que mis personajes consigan encontrar la luz en medio de las sombras. Me identifico como Ca\u00f3tica Buena, \u00a1as\u00ed que siempre estoy buscando [&hellip;]<\/p>","protected":false},"author":1,"featured_media":0,"parent":0,"menu_order":0,"comment_status":"closed","ping_status":"closed","template":"","meta":{"_acf_changed":false,"_et_pb_use_builder":"on","_et_pb_old_content":"","_et_gb_content_width":"","om_disable_all_campaigns":false,"_monsterinsights_skip_tracking":false,"_monsterinsights_sitenote_active":false,"_monsterinsights_sitenote_note":"","_monsterinsights_sitenote_category":0,"_uf_show_specific_survey":0,"_uf_disable_surveys":false,"footnotes":""},"class_list":["post-5499","page","type-page","status-publish","hentry"],"acf":[],"yoast_head":"<!-- This site is optimized with the Yoast SEO plugin v26.2 - https:\/\/yoast.com\/wordpress\/plugins\/seo\/ -->\n<title>SOBRE M\u00cd | Nat\u00e0lia Bargu\u00e9s<\/title>\n<meta name=\"robots\" content=\"index, follow, max-snippet:-1, max-image-preview:large, max-video-preview:-1\" \/>\n<link rel=\"canonical\" href=\"https:\/\/nataliabargues.com\/en\/sobre-mi\/\" \/>\n<meta property=\"og:locale\" content=\"en_GB\" \/>\n<meta property=\"og:type\" content=\"article\" \/>\n<meta property=\"og:title\" content=\"SOBRE M\u00cd | Nat\u00e0lia Bargu\u00e9s\" \/>\n<meta property=\"og:description\" content=\"SOBRE M\u00cd\u00a1Hola! Soy Nat\u00e0lia Escritora de fantas\u00eda &nbsp;\u00a1Hola, soy Nat\u00e0lia! Escribo fantas\u00eda, sobretodo oscura. Yo de verdad que lo intento, pero siempre acaba teniendo ese toque dark que tanto me atrae. Me gusta que mis personajes consigan encontrar la luz en medio de las sombras. Me identifico como Ca\u00f3tica Buena, \u00a1as\u00ed que siempre estoy buscando [&hellip;]\" \/>\n<meta property=\"og:url\" content=\"https:\/\/nataliabargues.com\/en\/sobre-mi\/\" \/>\n<meta property=\"og:site_name\" content=\"Nat\u00e0lia Bargu\u00e9s\" \/>\n<meta property=\"article:modified_time\" content=\"2024-08-08T12:53:41+00:00\" \/>\n<meta name=\"twitter:card\" content=\"summary_large_image\" \/>\n<meta name=\"twitter:label1\" content=\"Estimated reading time\" \/>\n\t<meta name=\"twitter:data1\" content=\"2 minutes\" \/>\n<script type=\"application\/ld+json\" class=\"yoast-schema-graph\">{\"@context\":\"https:\/\/schema.org\",\"@graph\":[{\"@type\":\"WebPage\",\"@id\":\"https:\/\/nataliabargues.com\/sobre-mi\/\",\"url\":\"https:\/\/nataliabargues.com\/sobre-mi\/\",\"name\":\"SOBRE M\u00cd | Nat\u00e0lia Bargu\u00e9s\",\"isPartOf\":{\"@id\":\"https:\/\/nataliabargues.com\/#website\"},\"datePublished\":\"2023-05-17T13:06:36+00:00\",\"dateModified\":\"2024-08-08T12:53:41+00:00\",\"breadcrumb\":{\"@id\":\"https:\/\/nataliabargues.com\/sobre-mi\/#breadcrumb\"},\"inLanguage\":\"en-GB\",\"potentialAction\":[{\"@type\":\"ReadAction\",\"target\":[\"https:\/\/nataliabargues.com\/sobre-mi\/\"]}]},{\"@type\":\"BreadcrumbList\",\"@id\":\"https:\/\/nataliabargues.com\/sobre-mi\/#breadcrumb\",\"itemListElement\":[{\"@type\":\"ListItem\",\"position\":1,\"name\":\"Portada\",\"item\":\"https:\/\/nataliabargues.com\/\"},{\"@type\":\"ListItem\",\"position\":2,\"name\":\"SOBRE M\u00cd\"}]},{\"@type\":\"WebSite\",\"@id\":\"https:\/\/nataliabargues.com\/#website\",\"url\":\"https:\/\/nataliabargues.com\/\",\"name\":\"Nat\u00e0lia Bargu\u00e9s\",\"description\":\"El refugio de los escritores\",\"publisher\":{\"@id\":\"https:\/\/nataliabargues.com\/#organization\"},\"potentialAction\":[{\"@type\":\"SearchAction\",\"target\":{\"@type\":\"EntryPoint\",\"urlTemplate\":\"https:\/\/nataliabargues.com\/?s={search_term_string}\"},\"query-input\":{\"@type\":\"PropertyValueSpecification\",\"valueRequired\":true,\"valueName\":\"search_term_string\"}}],\"inLanguage\":\"en-GB\"},{\"@type\":\"Organization\",\"@id\":\"https:\/\/nataliabargues.com\/#organization\",\"name\":\"Nat\u00e0lia Bargu\u00e9s\",\"url\":\"https:\/\/nataliabargues.com\/\",\"logo\":{\"@type\":\"ImageObject\",\"inLanguage\":\"en-GB\",\"@id\":\"https:\/\/nataliabargues.com\/#\/schema\/logo\/image\/\",\"url\":\"https:\/\/nataliabargues.com\/wp-content\/uploads\/2023\/05\/logo-nata-final.png\",\"contentUrl\":\"https:\/\/nataliabargues.com\/wp-content\/uploads\/2023\/05\/logo-nata-final.png\",\"width\":318,\"height\":131,\"caption\":\"Nat\u00e0lia Bargu\u00e9s\"},\"image\":{\"@id\":\"https:\/\/nataliabargues.com\/#\/schema\/logo\/image\/\"}}]}<\/script>\n<!-- \/ Yoast SEO plugin. -->","yoast_head_json":{"title":"SOBRE M\u00cd | Nat\u00e0lia Bargu\u00e9s","robots":{"index":"index","follow":"follow","max-snippet":"max-snippet:-1","max-image-preview":"max-image-preview:large","max-video-preview":"max-video-preview:-1"},"canonical":"https:\/\/nataliabargues.com\/en\/sobre-mi\/","og_locale":"en_GB","og_type":"article","og_title":"SOBRE M\u00cd | Nat\u00e0lia Bargu\u00e9s","og_description":"SOBRE M\u00cd\u00a1Hola! Soy Nat\u00e0lia Escritora de fantas\u00eda &nbsp;\u00a1Hola, soy Nat\u00e0lia! Escribo fantas\u00eda, sobretodo oscura. Yo de verdad que lo intento, pero siempre acaba teniendo ese toque dark que tanto me atrae. Me gusta que mis personajes consigan encontrar la luz en medio de las sombras. Me identifico como Ca\u00f3tica Buena, \u00a1as\u00ed que siempre estoy buscando [&hellip;]","og_url":"https:\/\/nataliabargues.com\/en\/sobre-mi\/","og_site_name":"Nat\u00e0lia Bargu\u00e9s","article_modified_time":"2024-08-08T12:53:41+00:00","twitter_card":"summary_large_image","twitter_misc":{"Estimated reading time":"2 minutes"},"schema":{"@context":"https:\/\/schema.org","@graph":[{"@type":"WebPage","@id":"https:\/\/nataliabargues.com\/sobre-mi\/","url":"https:\/\/nataliabargues.com\/sobre-mi\/","name":"SOBRE M\u00cd | Nat\u00e0lia Bargu\u00e9s","isPartOf":{"@id":"https:\/\/nataliabargues.com\/#website"},"datePublished":"2023-05-17T13:06:36+00:00","dateModified":"2024-08-08T12:53:41+00:00","breadcrumb":{"@id":"https:\/\/nataliabargues.com\/sobre-mi\/#breadcrumb"},"inLanguage":"en-GB","potentialAction":[{"@type":"ReadAction","target":["https:\/\/nataliabargues.com\/sobre-mi\/"]}]},{"@type":"BreadcrumbList","@id":"https:\/\/nataliabargues.com\/sobre-mi\/#breadcrumb","itemListElement":[{"@type":"ListItem","position":1,"name":"Portada","item":"https:\/\/nataliabargues.com\/"},{"@type":"ListItem","position":2,"name":"SOBRE M\u00cd"}]},{"@type":"WebSite","@id":"https:\/\/nataliabargues.com\/#website","url":"https:\/\/nataliabargues.com\/","name":"Nat\u00e0lia Bargu\u00e9s","description":"El refugio de los escritores","publisher":{"@id":"https:\/\/nataliabargues.com\/#organization"},"potentialAction":[{"@type":"SearchAction","target":{"@type":"EntryPoint","urlTemplate":"https:\/\/nataliabargues.com\/?s={search_term_string}"},"query-input":{"@type":"PropertyValueSpecification","valueRequired":true,"valueName":"search_term_string"}}],"inLanguage":"en-GB"},{"@type":"Organization","@id":"https:\/\/nataliabargues.com\/#organization","name":"Nat\u00e0lia Bargu\u00e9s","url":"https:\/\/nataliabargues.com\/","logo":{"@type":"ImageObject","inLanguage":"en-GB","@id":"https:\/\/nataliabargues.com\/#\/schema\/logo\/image\/","url":"https:\/\/nataliabargues.com\/wp-content\/uploads\/2023\/05\/logo-nata-final.png","contentUrl":"https:\/\/nataliabargues.com\/wp-content\/uploads\/2023\/05\/logo-nata-final.png","width":318,"height":131,"caption":"Nat\u00e0lia Bargu\u00e9s"},"image":{"@id":"https:\/\/nataliabargues.com\/#\/schema\/logo\/image\/"}}]}},"_links":{"self":[{"href":"https:\/\/nataliabargues.com\/en\/wp-json\/wp\/v2\/pages\/5499","targetHints":{"allow":["GET"]}}],"collection":[{"href":"https:\/\/nataliabargues.com\/en\/wp-json\/wp\/v2\/pages"}],"about":[{"href":"https:\/\/nataliabargues.com\/en\/wp-json\/wp\/v2\/types\/page"}],"author":[{"embeddable":true,"href":"https:\/\/nataliabargues.com\/en\/wp-json\/wp\/v2\/users\/1"}],"replies":[{"embeddable":true,"href":"https:\/\/nataliabargues.com\/en\/wp-json\/wp\/v2\/comments?post=5499"}],"version-history":[{"count":14,"href":"https:\/\/nataliabargues.com\/en\/wp-json\/wp\/v2\/pages\/5499\/revisions"}],"predecessor-version":[{"id":6334,"href":"https:\/\/nataliabargues.com\/en\/wp-json\/wp\/v2\/pages\/5499\/revisions\/6334"}],"wp:attachment":[{"href":"https:\/\/nataliabargues.com\/en\/wp-json\/wp\/v2\/media?parent=5499"}],"curies":[{"name":"wp","href":"https:\/\/api.w.org\/{rel}","templated":true}]}}