{"id":62,"date":"2023-05-14T14:17:47","date_gmt":"2023-05-14T14:17:47","guid":{"rendered":"https:\/\/nataliabargues.com\/?page_id=62"},"modified":"2024-10-05T07:50:49","modified_gmt":"2024-10-05T07:50:49","slug":"libros","status":"publish","type":"page","link":"https:\/\/nataliabargues.com\/en\/libros\/","title":{"rendered":"LIBROS"},"content":{"rendered":"<p>[et_pb_section fb_built=\u00bb1&#8243; _builder_version=\u00bb4.25.0&#8243; _module_preset=\u00bbdefault\u00bb background_color=\u00bb#2E2E2E\u00bb custom_padding=\u00bb||0px|||\u00bb global_colors_info=\u00bb{}\u00bb][et_pb_row _builder_version=\u00bb4.25.0&#8243; _module_preset=\u00bbdefault\u00bb global_colors_info=\u00bb{}\u00bb][et_pb_column type=\u00bb4_4&#8243; _builder_version=\u00bb4.25.0&#8243; _module_preset=\u00bbdefault\u00bb global_colors_info=\u00bb{}\u00bb][et_pb_text _builder_version=\u00bb4.25.0&#8243; _module_preset=\u00bbdefault\u00bb text_font=\u00bbCrimson Text||||||||\u00bb text_font_size=\u00bb38px\u00bb text_orientation=\u00bbcenter\u00bb hover_enabled=\u00bb0&#8243; global_colors_info=\u00bb{}\u00bb sticky_enabled=\u00bb0&#8243;]<\/p>\n<p><span style=\"text-decoration: underline; color: #f5f5f5;\">PORCELANA DE HUESO<\/span><\/p>\n<p><span style=\"color: #f5f5f5;\">Ya a la venta<\/span><\/p>\n<p>[\/et_pb_text][\/et_pb_column][\/et_pb_row][\/et_pb_section][et_pb_section fb_built=\u00bb1&#8243; _builder_version=\u00bb4.25.0&#8243; _module_preset=\u00bbdefault\u00bb background_color=\u00bb#2E2E2E\u00bb custom_padding=\u00bb10px||16px|||\u00bb global_colors_info=\u00bb{}\u00bb][et_pb_row _builder_version=\u00bb4.25.0&#8243; _module_preset=\u00bbdefault\u00bb background_color=\u00bb#F5F5F5&#8243; border_radii=\u00bbon|11px|11px|11px|11px\u00bb global_colors_info=\u00bb{}\u00bb][et_pb_column type=\u00bb4_4&#8243; _builder_version=\u00bb4.25.0&#8243; _module_preset=\u00bbdefault\u00bb global_colors_info=\u00bb{}\u00bb][et_pb_image src=\u00bbhttps:\/\/nataliabargues.com\/wp-content\/uploads\/2024\/08\/portada_sin_solapas_completa-scaled.jpg\u00bb alt=\u00bbportada_completa_porcelana_de_hueso\u00bb title_text=\u00bbportada_sin_solapas_completa\u00bb url=\u00bb@ET-DC@eyJkeW5hbWljIjp0cnVlLCJjb250ZW50IjoicG9zdF9saW5rX3VybF9wYWdlIiwic2V0dGluZ3MiOnsicG9zdF9pZCI6IjEzMiJ9fQ==@\u00bb _builder_version=\u00bb4.25.0&#8243; _dynamic_attributes=\u00bburl\u00bb _module_preset=\u00bbdefault\u00bb width=\u00bb61%\u00bb module_alignment=\u00bbcenter\u00bb global_colors_info=\u00bb{}\u00bb][\/et_pb_image][et_pb_text _builder_version=\u00bb4.25.0&#8243; _module_preset=\u00bbdefault\u00bb text_orientation=\u00bbjustified\u00bb width=\u00bb85%\u00bb module_alignment=\u00bbcenter\u00bb global_colors_info=\u00bb{}\u00bb]<\/p>\n<p><span style=\"font-weight: 400; color: #0a0a0a;\">Dos destinos entrelazados.\u00a0<\/span><\/p>\n<p><span style=\"font-weight: 400; color: #0a0a0a;\">Dos gemelos separados.<\/span><\/p>\n<p><span style=\"font-weight: 400; color: #0a0a0a;\">Un aliado misterioso.<\/span><\/p>\n<p><span style=\"font-weight: 400; color: #0a0a0a;\">Karem despierta en una habitaci\u00f3n desconocida, dentro del cuerpo de una mu\u00f1eca de porcelana. Su hermano Merak, su otra mitad, est\u00e1 perdido en alg\u00fan lugar.\u00a0<\/span><\/p>\n<p><span style=\"font-weight: 400; color: #0a0a0a;\">Unidos por un v\u00ednculo inquebrantable, Karem ir\u00e1 en busca de su hermano. Deber\u00e1 enfrentarse a los peligros que acechan en un territorio bajo el dominio de tres brujas, quienes ya han sellado el destino de Karem.\u00a0<\/span><\/p>\n<p><span style=\"font-weight: 400; color: #0a0a0a;\">En su camino, se encontrar\u00e1 con una monstruosa ni\u00f1era que no es lo que parece, y a los peligrosos habitantes de una ciudad subterr\u00e1nea, cuyas calles nunca han acogido a los forasteros con amabilidad.<\/span><\/p>\n<p><span style=\"font-weight: 400;\"><span style=\"color: #0a0a0a;\">\u00bfLograr\u00e1 Karem romper las cadenas de su encantamiento y recuperar la vida que le arrebataron?, \u00bfo ser\u00e1 consumida por las sombras?<\/span><\/span><\/p>\n<p>[\/et_pb_text][et_pb_button button_url=\u00bb@ET-DC@eyJkeW5hbWljIjp0cnVlLCJjb250ZW50IjoicG9zdF9saW5rX3VybF9wYWdlIiwic2V0dGluZ3MiOnsicG9zdF9pZCI6IjU3MzQifX0=@\u00bb button_text=\u00bbCONS\u00cdGUELO YA\u00bb button_alignment=\u00bbcenter\u00bb _builder_version=\u00bb4.25.0&#8243; _dynamic_attributes=\u00bbbutton_url\u00bb _module_preset=\u00bbdefault\u00bb custom_button=\u00bbon\u00bb button_text_size=\u00bb19px\u00bb button_text_color=\u00bb#F5F5F5&#8243; button_bg_color=\u00bb#2E2E2E\u00bb button_border_width=\u00bb0px\u00bb button_border_radius=\u00bb12px\u00bb button_use_icon=\u00bboff\u00bb custom_padding=\u00bb|380px||380px|false|false\u00bb hover_enabled=\u00bb0&#8243; global_colors_info=\u00bb{}\u00bb sticky_enabled=\u00bb0&#8243;][\/et_pb_button][\/et_pb_column][\/et_pb_row][\/et_pb_section][et_pb_section fb_built=\u00bb1&#8243; _builder_version=\u00bb4.25.0&#8243; _module_preset=\u00bbdefault\u00bb background_color=\u00bb#2E2E2E\u00bb custom_padding=\u00bb14px||22px|||\u00bb global_colors_info=\u00bb{}\u00bb][et_pb_row _builder_version=\u00bb4.25.0&#8243; _module_preset=\u00bbdefault\u00bb global_colors_info=\u00bb{}\u00bb][et_pb_column type=\u00bb4_4&#8243; _builder_version=\u00bb4.25.0&#8243; _module_preset=\u00bbdefault\u00bb global_colors_info=\u00bb{}\u00bb][et_pb_social_media_follow use_icon_font_size=\u00bbon\u00bb icon_font_size=\u00bb33px\u00bb _builder_version=\u00bb4.25.0&#8243; _module_preset=\u00bbdefault\u00bb text_orientation=\u00bbcenter\u00bb global_colors_info=\u00bb{}\u00bb][et_pb_social_media_follow_network social_network=\u00bbyoutube\u00bb url=\u00bbhttps:\/\/www.youtube.com\/channel\/UCrIi2o79el57D7eFkogFKhQ\u00bb _builder_version=\u00bb4.25.0&#8243; _module_preset=\u00bbdefault\u00bb background_enable_color=\u00bboff\u00bb global_colors_info=\u00bb{}\u00bb follow_button=\u00bboff\u00bb url_new_window=\u00bbon\u00bb]youtube[\/et_pb_social_media_follow_network][et_pb_social_media_follow_network social_network=\u00bbinstagram\u00bb url=\u00bbhttps:\/\/www.instagram.com\/nataliabargues\/\u00bb _builder_version=\u00bb4.25.0&#8243; _module_preset=\u00bbdefault\u00bb background_enable_color=\u00bboff\u00bb global_colors_info=\u00bb{}\u00bb follow_button=\u00bboff\u00bb url_new_window=\u00bbon\u00bb]instagram[\/et_pb_social_media_follow_network][et_pb_social_media_follow_network social_network=\u00bbgoodreads\u00bb url=\u00bbhttps:\/\/www.goodreads.com\/author\/show\/49298591.Nat_lia_Bargu_s\u00bb _builder_version=\u00bb4.25.0&#8243; _module_preset=\u00bbdefault\u00bb background_enable_color=\u00bboff\u00bb global_colors_info=\u00bb{}\u00bb follow_button=\u00bboff\u00bb url_new_window=\u00bbon\u00bb]goodreads[\/et_pb_social_media_follow_network][\/et_pb_social_media_follow][\/et_pb_column][\/et_pb_row][\/et_pb_section]<\/p>","protected":false},"excerpt":{"rendered":"<p>PORCELANA DE HUESO Ya a la ventaDos destinos entrelazados.\u00a0 Dos gemelos separados. Un aliado misterioso. Karem despierta en una habitaci\u00f3n desconocida, dentro del cuerpo de una mu\u00f1eca de porcelana. Su hermano Merak, su otra mitad, est\u00e1 perdido en alg\u00fan lugar.\u00a0 Unidos por un v\u00ednculo inquebrantable, Karem ir\u00e1 en busca de su hermano. Deber\u00e1 enfrentarse a [&hellip;]<\/p>","protected":false},"author":1,"featured_media":0,"parent":0,"menu_order":0,"comment_status":"closed","ping_status":"closed","template":"","meta":{"_acf_changed":false,"_et_pb_use_builder":"on","_et_pb_old_content":"","_et_gb_content_width":"","om_disable_all_campaigns":false,"_monsterinsights_skip_tracking":false,"_monsterinsights_sitenote_active":false,"_monsterinsights_sitenote_note":"","_monsterinsights_sitenote_category":0,"_uf_show_specific_survey":0,"_uf_disable_surveys":false,"footnotes":""},"class_list":["post-62","page","type-page","status-publish","hentry"],"acf":[],"yoast_head":"<!-- This site is optimized with the Yoast SEO plugin v26.2 - https:\/\/yoast.com\/wordpress\/plugins\/seo\/ -->\n<title>LIBROS | Nat\u00e0lia Bargu\u00e9s<\/title>\n<meta name=\"robots\" content=\"index, follow, max-snippet:-1, max-image-preview:large, max-video-preview:-1\" \/>\n<link rel=\"canonical\" href=\"https:\/\/nataliabargues.com\/en\/libros\/\" \/>\n<meta property=\"og:locale\" content=\"en_GB\" \/>\n<meta property=\"og:type\" content=\"article\" \/>\n<meta property=\"og:title\" content=\"LIBROS | Nat\u00e0lia Bargu\u00e9s\" \/>\n<meta property=\"og:description\" content=\"PORCELANA DE HUESO Ya a la ventaDos destinos entrelazados.\u00a0 Dos gemelos separados. Un aliado misterioso. Karem despierta en una habitaci\u00f3n desconocida, dentro del cuerpo de una mu\u00f1eca de porcelana. Su hermano Merak, su otra mitad, est\u00e1 perdido en alg\u00fan lugar.\u00a0 Unidos por un v\u00ednculo inquebrantable, Karem ir\u00e1 en busca de su hermano. Deber\u00e1 enfrentarse a [&hellip;]\" \/>\n<meta property=\"og:url\" content=\"https:\/\/nataliabargues.com\/en\/libros\/\" \/>\n<meta property=\"og:site_name\" content=\"Nat\u00e0lia Bargu\u00e9s\" \/>\n<meta property=\"article:modified_time\" content=\"2024-10-05T07:50:49+00:00\" \/>\n<meta name=\"twitter:card\" content=\"summary_large_image\" \/>\n<meta name=\"twitter:label1\" content=\"Estimated reading time\" \/>\n\t<meta name=\"twitter:data1\" content=\"1 minute\" \/>\n<script type=\"application\/ld+json\" class=\"yoast-schema-graph\">{\"@context\":\"https:\/\/schema.org\",\"@graph\":[{\"@type\":\"WebPage\",\"@id\":\"https:\/\/nataliabargues.com\/libros\/\",\"url\":\"https:\/\/nataliabargues.com\/libros\/\",\"name\":\"LIBROS | Nat\u00e0lia Bargu\u00e9s\",\"isPartOf\":{\"@id\":\"https:\/\/nataliabargues.com\/#website\"},\"datePublished\":\"2023-05-14T14:17:47+00:00\",\"dateModified\":\"2024-10-05T07:50:49+00:00\",\"breadcrumb\":{\"@id\":\"https:\/\/nataliabargues.com\/libros\/#breadcrumb\"},\"inLanguage\":\"en-GB\",\"potentialAction\":[{\"@type\":\"ReadAction\",\"target\":[\"https:\/\/nataliabargues.com\/libros\/\"]}]},{\"@type\":\"BreadcrumbList\",\"@id\":\"https:\/\/nataliabargues.com\/libros\/#breadcrumb\",\"itemListElement\":[{\"@type\":\"ListItem\",\"position\":1,\"name\":\"Portada\",\"item\":\"https:\/\/nataliabargues.com\/\"},{\"@type\":\"ListItem\",\"position\":2,\"name\":\"LIBROS\"}]},{\"@type\":\"WebSite\",\"@id\":\"https:\/\/nataliabargues.com\/#website\",\"url\":\"https:\/\/nataliabargues.com\/\",\"name\":\"Nat\u00e0lia Bargu\u00e9s\",\"description\":\"El refugio de los escritores\",\"publisher\":{\"@id\":\"https:\/\/nataliabargues.com\/#organization\"},\"potentialAction\":[{\"@type\":\"SearchAction\",\"target\":{\"@type\":\"EntryPoint\",\"urlTemplate\":\"https:\/\/nataliabargues.com\/?s={search_term_string}\"},\"query-input\":{\"@type\":\"PropertyValueSpecification\",\"valueRequired\":true,\"valueName\":\"search_term_string\"}}],\"inLanguage\":\"en-GB\"},{\"@type\":\"Organization\",\"@id\":\"https:\/\/nataliabargues.com\/#organization\",\"name\":\"Nat\u00e0lia Bargu\u00e9s\",\"url\":\"https:\/\/nataliabargues.com\/\",\"logo\":{\"@type\":\"ImageObject\",\"inLanguage\":\"en-GB\",\"@id\":\"https:\/\/nataliabargues.com\/#\/schema\/logo\/image\/\",\"url\":\"https:\/\/nataliabargues.com\/wp-content\/uploads\/2023\/05\/logo-nata-final.png\",\"contentUrl\":\"https:\/\/nataliabargues.com\/wp-content\/uploads\/2023\/05\/logo-nata-final.png\",\"width\":318,\"height\":131,\"caption\":\"Nat\u00e0lia Bargu\u00e9s\"},\"image\":{\"@id\":\"https:\/\/nataliabargues.com\/#\/schema\/logo\/image\/\"}}]}<\/script>\n<!-- \/ Yoast SEO plugin. -->","yoast_head_json":{"title":"LIBROS | Nat\u00e0lia Bargu\u00e9s","robots":{"index":"index","follow":"follow","max-snippet":"max-snippet:-1","max-image-preview":"max-image-preview:large","max-video-preview":"max-video-preview:-1"},"canonical":"https:\/\/nataliabargues.com\/en\/libros\/","og_locale":"en_GB","og_type":"article","og_title":"LIBROS | Nat\u00e0lia Bargu\u00e9s","og_description":"PORCELANA DE HUESO Ya a la ventaDos destinos entrelazados.\u00a0 Dos gemelos separados. Un aliado misterioso. Karem despierta en una habitaci\u00f3n desconocida, dentro del cuerpo de una mu\u00f1eca de porcelana. Su hermano Merak, su otra mitad, est\u00e1 perdido en alg\u00fan lugar.\u00a0 Unidos por un v\u00ednculo inquebrantable, Karem ir\u00e1 en busca de su hermano. Deber\u00e1 enfrentarse a [&hellip;]","og_url":"https:\/\/nataliabargues.com\/en\/libros\/","og_site_name":"Nat\u00e0lia Bargu\u00e9s","article_modified_time":"2024-10-05T07:50:49+00:00","twitter_card":"summary_large_image","twitter_misc":{"Estimated reading time":"1 minute"},"schema":{"@context":"https:\/\/schema.org","@graph":[{"@type":"WebPage","@id":"https:\/\/nataliabargues.com\/libros\/","url":"https:\/\/nataliabargues.com\/libros\/","name":"LIBROS | Nat\u00e0lia Bargu\u00e9s","isPartOf":{"@id":"https:\/\/nataliabargues.com\/#website"},"datePublished":"2023-05-14T14:17:47+00:00","dateModified":"2024-10-05T07:50:49+00:00","breadcrumb":{"@id":"https:\/\/nataliabargues.com\/libros\/#breadcrumb"},"inLanguage":"en-GB","potentialAction":[{"@type":"ReadAction","target":["https:\/\/nataliabargues.com\/libros\/"]}]},{"@type":"BreadcrumbList","@id":"https:\/\/nataliabargues.com\/libros\/#breadcrumb","itemListElement":[{"@type":"ListItem","position":1,"name":"Portada","item":"https:\/\/nataliabargues.com\/"},{"@type":"ListItem","position":2,"name":"LIBROS"}]},{"@type":"WebSite","@id":"https:\/\/nataliabargues.com\/#website","url":"https:\/\/nataliabargues.com\/","name":"Nat\u00e0lia Bargu\u00e9s","description":"El refugio de los escritores","publisher":{"@id":"https:\/\/nataliabargues.com\/#organization"},"potentialAction":[{"@type":"SearchAction","target":{"@type":"EntryPoint","urlTemplate":"https:\/\/nataliabargues.com\/?s={search_term_string}"},"query-input":{"@type":"PropertyValueSpecification","valueRequired":true,"valueName":"search_term_string"}}],"inLanguage":"en-GB"},{"@type":"Organization","@id":"https:\/\/nataliabargues.com\/#organization","name":"Nat\u00e0lia Bargu\u00e9s","url":"https:\/\/nataliabargues.com\/","logo":{"@type":"ImageObject","inLanguage":"en-GB","@id":"https:\/\/nataliabargues.com\/#\/schema\/logo\/image\/","url":"https:\/\/nataliabargues.com\/wp-content\/uploads\/2023\/05\/logo-nata-final.png","contentUrl":"https:\/\/nataliabargues.com\/wp-content\/uploads\/2023\/05\/logo-nata-final.png","width":318,"height":131,"caption":"Nat\u00e0lia Bargu\u00e9s"},"image":{"@id":"https:\/\/nataliabargues.com\/#\/schema\/logo\/image\/"}}]}},"_links":{"self":[{"href":"https:\/\/nataliabargues.com\/en\/wp-json\/wp\/v2\/pages\/62","targetHints":{"allow":["GET"]}}],"collection":[{"href":"https:\/\/nataliabargues.com\/en\/wp-json\/wp\/v2\/pages"}],"about":[{"href":"https:\/\/nataliabargues.com\/en\/wp-json\/wp\/v2\/types\/page"}],"author":[{"embeddable":true,"href":"https:\/\/nataliabargues.com\/en\/wp-json\/wp\/v2\/users\/1"}],"replies":[{"embeddable":true,"href":"https:\/\/nataliabargues.com\/en\/wp-json\/wp\/v2\/comments?post=62"}],"version-history":[{"count":13,"href":"https:\/\/nataliabargues.com\/en\/wp-json\/wp\/v2\/pages\/62\/revisions"}],"predecessor-version":[{"id":6484,"href":"https:\/\/nataliabargues.com\/en\/wp-json\/wp\/v2\/pages\/62\/revisions\/6484"}],"wp:attachment":[{"href":"https:\/\/nataliabargues.com\/en\/wp-json\/wp\/v2\/media?parent=62"}],"curies":[{"name":"wp","href":"https:\/\/api.w.org\/{rel}","templated":true}]}}